{"id":206,"date":"2020-03-23T11:38:19","date_gmt":"2020-03-23T11:38:19","guid":{"rendered":"https:\/\/demosites.io\/charity-gb\/?page_id=206"},"modified":"2022-10-07T13:31:20","modified_gmt":"2022-10-07T16:31:20","slug":"d41d8-home","status":"publish","type":"page","link":"https:\/\/kaltcontabilidade.com.br\/","title":{"rendered":"Home"},"content":{"rendered":"\n<div id=\"wp-block-themeisle-blocks-advanced-columns-77dee187\" class=\"wp-block-themeisle-blocks-advanced-columns has-2-columns has-desktop-oneTwo-layout has-tablet-equal-layout has-mobile-collapsedRows-layout has-vertical-unset\"><div class=\"wp-block-themeisle-blocks-advanced-columns-overlay\"><\/div><div class=\"innerblocks-wrap\">\n<div id=\"wp-block-themeisle-blocks-advanced-column-3712b850\" class=\"wp-block-themeisle-blocks-advanced-column\">\n<h4 class=\"has-white-color has-text-color\"> <strong>O SETOR MAIS IMPORTANTE PARA SEU NEG\u00d3CIO:<\/strong><\/h4>\n\n\n\n<h1 id=\"wp-block-themeisle-blocks-advanced-heading-bd2d5a8d\" class=\"wp-block-themeisle-blocks-advanced-heading wp-block-themeisle-blocks-advanced-heading-bd2d5a8d\">CONTABILIDADE<\/h1>\n\n\n\n<div style=\"height:30px\" aria-hidden=\"true\" class=\"wp-block-spacer\"><\/div>\n\n\n\n<p class=\"has-white-color has-text-color\">Uma empresa com uma contabilidade ativa, sempre atualizada com as constantes mudan\u00e7as na legisla\u00e7\u00e3o e com o devido suporte gerencial, tem muito a oferecer para a sustentabilidade e lucratividade de seu empreendimento. <\/p>\n\n\n\n<div style=\"height:20px\" aria-hidden=\"true\" class=\"wp-block-spacer\"><\/div>\n\n\n\n<div id=\"wp-block-themeisle-blocks-button-group-5c4f5357\" class=\"wp-block-themeisle-blocks-button-group wp-block-button\"><a href=\"https:\/\/kaltcontabilidade.com.br\/#efforts\" target=\"_self\" class=\"wp-block-themeisle-blocks-button wp-block-themeisle-blocks-button-0 wp-block-button__link\" rel=\"noopener noreferrer\"><span><strong>COMO PODEMOS TE AJUDAR?<\/strong><\/span><\/a><\/div>\n<\/div>\n\n\n\n<div id=\"wp-block-themeisle-blocks-advanced-column-c4167bb5\" class=\"wp-block-themeisle-blocks-advanced-column\"><\/div>\n<\/div><\/div>\n\n\n\n<div id=\"about\" class=\"wp-block-themeisle-blocks-advanced-columns has-1-columns has-desktop-equal-layout has-tablet-equal-layout has-mobile-equal-layout has-vertical-unset\"><div class=\"wp-block-themeisle-blocks-advanced-columns-overlay\"><\/div><div class=\"innerblocks-wrap\">\n<div id=\"wp-block-themeisle-blocks-advanced-column-1b5297d9\" class=\"wp-block-themeisle-blocks-advanced-column\">\n<div style=\"height:20px\" aria-hidden=\"true\" class=\"wp-block-spacer\"><\/div>\n\n\n\n<h2 id=\"wp-block-themeisle-blocks-advanced-heading-096d39f3\" class=\"wp-block-themeisle-blocks-advanced-heading wp-block-themeisle-blocks-advanced-heading-096d39f3\">SOBRE A<br> EMPRESA<\/h2>\n<\/div>\n<\/div><\/div>\n\n\n\n<div id=\"wp-block-themeisle-blocks-advanced-columns-19812563\" class=\"wp-block-themeisle-blocks-advanced-columns has-3-columns has-desktop-equal-layout has-tablet-equal-layout has-mobile-collapsedRows-layout has-vertical-unset\"><div class=\"wp-block-themeisle-blocks-advanced-columns-overlay\"><\/div><div class=\"innerblocks-wrap\">\n<div id=\"wp-block-themeisle-blocks-advanced-column-2669926b\" class=\"wp-block-themeisle-blocks-advanced-column\">\n<div class=\"wp-block-themeisle-blocks-service\">\n<div id=\"wp-block-themeisle-blocks-font-awesome-icons-1afb367b\" class=\"wp-block-themeisle-blocks-font-awesome-icons\"><span class=\"wp-block-themeisle-blocks-font-awesome-icons-container\"><i class=\"fas fa-bullseye\"><\/i><\/span><\/div>\n\n\n\n<h4 id=\"wp-block-themeisle-blocks-advanced-heading-5713da02\" class=\"wp-block-themeisle-blocks-advanced-heading wp-block-themeisle-blocks-advanced-heading-5713da02\">MISS\u00c3O<\/h4>\n\n\n\n<p id=\"wp-block-themeisle-blocks-advanced-heading-65d2b0ea\" class=\"wp-block-themeisle-blocks-advanced-heading wp-block-themeisle-blocks-advanced-heading-65d2b0ea\"> Diante da competitividade do mercado, temos a miss\u00e3o de proporcionar um diferencial para as organiza\u00e7\u00f5es, resultando em valores positivos para sustentar as atividades e obter produtos e servi\u00e7os que satisfa\u00e7am e estimulem as empresas, pessoas e equipes envolvidas.<\/p>\n<\/div>\n<\/div>\n\n\n\n<div id=\"wp-block-themeisle-blocks-advanced-column-6c99e1e6\" class=\"wp-block-themeisle-blocks-advanced-column\">\n<div id=\"wp-block-themeisle-blocks-font-awesome-icons-0a5aaad7\" class=\"wp-block-themeisle-blocks-font-awesome-icons\"><span class=\"wp-block-themeisle-blocks-font-awesome-icons-container\"><i class=\"far fa-eye\"><\/i><\/span><\/div>\n\n\n\n<h4 id=\"wp-block-themeisle-blocks-advanced-heading-9e53b18f\" class=\"wp-block-themeisle-blocks-advanced-heading wp-block-themeisle-blocks-advanced-heading-9e53b18f\"> VIS\u00c3O<\/h4>\n\n\n\n<p id=\"wp-block-themeisle-blocks-advanced-heading-609fde09\" class=\"wp-block-themeisle-blocks-advanced-heading wp-block-themeisle-blocks-advanced-heading-609fde09\">Ser uma empresa cont\u00e1bil de refer\u00eancia e reconhecida pela sua excel\u00eancia do mercado, proporcionando aos clientes e parceiros sempre as melhores op\u00e7\u00f5es e informa\u00e7\u00f5es de qualidade para auxiliar na tomada de decis\u00f5es.<\/p>\n<\/div>\n\n\n\n<div id=\"wp-block-themeisle-blocks-advanced-column-930441d1\" class=\"wp-block-themeisle-blocks-advanced-column\">\n<div id=\"wp-block-themeisle-blocks-font-awesome-icons-5b37cec6\" class=\"wp-block-themeisle-blocks-font-awesome-icons\"><span class=\"wp-block-themeisle-blocks-font-awesome-icons-container\"><i class=\"fas fa-anchor\"><\/i><\/span><\/div>\n\n\n\n<h4 id=\"wp-block-themeisle-blocks-advanced-heading-cef56f91\" class=\"wp-block-themeisle-blocks-advanced-heading wp-block-themeisle-blocks-advanced-heading-cef56f91\"> VALORES<\/h4>\n\n\n\n<p id=\"wp-block-themeisle-blocks-advanced-heading-e2144a60\" class=\"wp-block-themeisle-blocks-advanced-heading wp-block-themeisle-blocks-advanced-heading-e2144a60\">Integridade, agilidade, qualidade, flexibilidade, honestidade, responsabilidade social e sustentabilidade econ\u00f4mica.<\/p>\n<\/div>\n<\/div><\/div>\n\n\n\n<div id=\"wp-block-themeisle-blocks-advanced-columns-a318315d\" class=\"wp-block-themeisle-blocks-advanced-columns has-2-columns has-desktop-equal-layout has-tablet-equal-layout has-mobile-collapsedRows-layout has-vertical-unset\"><div class=\"wp-block-themeisle-blocks-advanced-columns-overlay\"><\/div><div class=\"innerblocks-wrap\">\n<div id=\"wp-block-themeisle-blocks-advanced-column-d5c5bdf7\" class=\"wp-block-themeisle-blocks-advanced-column\"><\/div>\n\n\n\n<div id=\"wp-block-themeisle-blocks-advanced-column-0a0e7212\" class=\"wp-block-themeisle-blocks-advanced-column\">\n<h2 id=\"wp-block-themeisle-blocks-advanced-heading-5a08fb7e\" class=\"wp-block-themeisle-blocks-advanced-heading wp-block-themeisle-blocks-advanced-heading-5a08fb7e\">CONTABILIDADE COM QUALIDADE<\/h2>\n\n\n\n<p class=\"has-text-color has-medium-font-size\" style=\"color:#54595f\">Concentre seus esfor\u00e7os no crescimento de seu neg\u00f3cio. <\/p>\n\n\n\n<div style=\"height:20px\" aria-hidden=\"true\" class=\"wp-block-spacer\"><\/div>\n\n\n\n<hr class=\"wp-block-separator has-text-color has-css-opacity has-background is-style-wide\" style=\"background-color:#e5e5e5;color:#e5e5e5\"\/>\n\n\n\n<h4 id=\"wp-block-themeisle-blocks-advanced-heading-fd2c5369\" class=\"wp-block-themeisle-blocks-advanced-heading wp-block-themeisle-blocks-advanced-heading-fd2c5369\">CONTABILIDADE INTEGRADA<\/h4>\n\n\n\n<p class=\"has-text-color\" style=\"color:#54595f\">Oferecemos um acompanhamento societ\u00e1rio, tribut\u00e1rio e principalmente an\u00e1lises econ\u00f4micas para identificar onde pode estar gerenciando melhor as suas atividades.<\/p>\n\n\n\n<hr class=\"wp-block-separator has-text-color has-css-opacity has-background is-style-wide\" style=\"background-color:#e5e5e5;color:#e5e5e5\"\/>\n\n\n\n<h4 id=\"wp-block-themeisle-blocks-advanced-heading-dc8209d9\" class=\"wp-block-themeisle-blocks-advanced-heading wp-block-themeisle-blocks-advanced-heading-dc8209d9\">PLANEJAMENTO TRIBUT\u00c1RIO<\/h4>\n\n\n\n<p class=\"has-text-color\" style=\"color:#54595f\">Temos uma metodologia simples, embasada na legisla\u00e7\u00e3o e o mais importante: N\u00e3o tenha preocupa\u00e7\u00e3o de estar pagando tributo al\u00e9m do exigido. <\/p>\n\n\n\n<hr class=\"wp-block-separator has-text-color has-css-opacity has-background is-style-wide\" style=\"background-color:#e5e5e5;color:#e5e5e5\"\/>\n\n\n\n<div id=\"wp-block-themeisle-blocks-button-group-5c4f5357\" class=\"wp-block-themeisle-blocks-button-group wp-block-buttons\">\n<div id=\"wp-block-themeisle-blocks-button-583d3bd9\" class=\"wp-block-themeisle-blocks-button wp-block-button\"><a href=\"index.php\/contato\/\" target=\"_self\" rel=\"noopener noreferrer\" class=\"wp-block-button__link\"><span><strong>Entre em contato<\/strong><\/span><\/a><\/div>\n<\/div>\n<\/div>\n<\/div><\/div>\n\n\n\n<div id=\"efforts\" class=\"wp-block-themeisle-blocks-advanced-columns has-1-columns has-desktop-equal-layout has-tablet-equal-layout has-mobile-equal-layout has-vertical-unset\"><div class=\"wp-block-themeisle-blocks-advanced-columns-overlay\"><\/div><div class=\"innerblocks-wrap\">\n<div id=\"wp-block-themeisle-blocks-advanced-column-da38c006\" class=\"wp-block-themeisle-blocks-advanced-column\">\n<h4 class=\"has-text-align-center has-white-color has-text-color\"> <strong>NOSSOS SERVI\u00c7OS<\/strong> <\/h4>\n\n\n\n<div style=\"height:20px\" aria-hidden=\"true\" class=\"wp-block-spacer\"><\/div>\n\n\n\n<h1 id=\"wp-block-themeisle-blocks-advanced-heading-a27d0f9c\" class=\"wp-block-themeisle-blocks-advanced-heading wp-block-themeisle-blocks-advanced-heading-a27d0f9c\">COMO PODEMOS TE AJUDAR?<\/h1>\n\n\n\n<div style=\"height:60px\" aria-hidden=\"true\" class=\"wp-block-spacer\"><\/div>\n\n\n\n<div class=\"wp-container-4 wp-block-columns\">\n<div class=\"wp-container-1 wp-block-column\">\n<div class=\"wp-block-themeisle-blocks-service\">\n<div id=\"wp-block-themeisle-blocks-font-awesome-icons-12d921c6\" class=\"wp-block-themeisle-blocks-font-awesome-icons\"><span class=\"wp-block-themeisle-blocks-font-awesome-icons-container\"><i class=\"far fa-money-bill-alt\"><\/i><\/span><\/div>\n\n\n\n<h3 id=\"wp-block-themeisle-blocks-advanced-heading-b3736c08\" class=\"wp-block-themeisle-blocks-advanced-heading wp-block-themeisle-blocks-advanced-heading-b3736c08\">FISCAL \/ TRIBUT\u00c1RIO<\/h3>\n\n\n\n<p class=\"has-text-align-center has-white-color has-text-color\" style=\"font-size:14px\">\u00c9 necess\u00e1rio entender a legisla\u00e7\u00e3o tribut\u00e1ria para aplicar corretamente a cada atividade. Somos especialistas tribut\u00e1rios e nossa equipe est\u00e1 constantemente em atualiza\u00e7\u00e3o.<\/p>\n\n\n\n<div id=\"wp-block-themeisle-blocks-button-group-13ca11fb\" class=\"wp-block-themeisle-blocks-button-group wp-block-buttons align-center\">\n<div id=\"wp-block-themeisle-blocks-button-4acf6970\" class=\"wp-block-themeisle-blocks-button wp-block-button\"><a href=\"index.php\/servicos\/\" target=\"_self\" rel=\"noopener noreferrer\" class=\"wp-block-button__link\"><span>S<strong>AIBA MAIS<\/strong><\/span><\/a><\/div>\n<\/div>\n\n\n\n<div style=\"height:40px\" aria-hidden=\"true\" class=\"wp-block-spacer\"><\/div>\n<\/div>\n<\/div>\n\n\n\n<div class=\"wp-container-2 wp-block-column\">\n<div id=\"wp-block-themeisle-blocks-font-awesome-icons-f2204c15\" class=\"wp-block-themeisle-blocks-font-awesome-icons\"><span class=\"wp-block-themeisle-blocks-font-awesome-icons-container\"><i class=\"fas fa-newspaper\"><\/i><\/span><\/div>\n\n\n\n<h3 id=\"wp-block-themeisle-blocks-advanced-heading-bdd82fee\" class=\"wp-block-themeisle-blocks-advanced-heading wp-block-themeisle-blocks-advanced-heading-bdd82fee\">PROCESSOS<\/h3>\n\n\n\n<p class=\"has-text-align-center has-white-color has-text-color\" style=\"font-size:14px\">Agilidade nos processos paralegais (constitui\u00e7\u00e3o, inscri\u00e7\u00e3o, altera\u00e7\u00e3o e baixa). Tenha um planejamento adequado para a sua atividade e tamb\u00e9m uma an\u00e1lise dos impactos.  <\/p>\n\n\n\n<div id=\"wp-block-themeisle-blocks-button-group-2caa223f\" class=\"wp-block-themeisle-blocks-button-group wp-block-buttons align-center\">\n<div id=\"wp-block-themeisle-blocks-button-d122ac30\" class=\"wp-block-themeisle-blocks-button wp-block-button\"><a href=\"index.php\/servicos\/\" target=\"_self\" rel=\"noopener noreferrer\" class=\"wp-block-button__link\"><span><strong>SAIBA MAIS<\/strong><\/span><\/a><\/div>\n<\/div>\n\n\n\n<div style=\"height:40px\" aria-hidden=\"true\" class=\"wp-block-spacer\"><\/div>\n\n\n\n<p><\/p>\n<\/div>\n\n\n\n<div class=\"wp-container-3 wp-block-column\">\n<div id=\"wp-block-themeisle-blocks-font-awesome-icons-ecbad00d\" class=\"wp-block-themeisle-blocks-font-awesome-icons\"><span class=\"wp-block-themeisle-blocks-font-awesome-icons-container\"><i class=\"fas fa-book-reader\"><\/i><\/span><\/div>\n\n\n\n<h3 id=\"wp-block-themeisle-blocks-advanced-heading-be402e8f\" class=\"wp-block-themeisle-blocks-advanced-heading wp-block-themeisle-blocks-advanced-heading-be402e8f\">DEP. PESSOAL<\/h3>\n\n\n\n<p class=\"has-text-align-center has-white-color has-text-color\" style=\"font-size:14px\">Controle de jornada de trabalho, registro de empregados, c\u00e1lculos trabalhistas e muito mais. Toda a parte necess\u00e1ria para a correta gest\u00e3o do RH e Dep. Pessoal de sua empresa. <\/p>\n\n\n\n<div id=\"wp-block-themeisle-blocks-button-group-cdfae3ad\" class=\"wp-block-themeisle-blocks-button-group wp-block-buttons align-center\">\n<div id=\"wp-block-themeisle-blocks-button-cb1f9aed\" class=\"wp-block-themeisle-blocks-button wp-block-button\"><a href=\"index.php\/servicos\/\" target=\"_self\" rel=\"noopener noreferrer\" class=\"wp-block-button__link\"><span><strong>SAIBA MAIS<\/strong><\/span><\/a><\/div>\n<\/div>\n\n\n\n<div style=\"height:40px\" aria-hidden=\"true\" class=\"wp-block-spacer\"><\/div>\n<\/div>\n<\/div>\n<\/div>\n<\/div><\/div>\n\n\n\n<div id=\"blog\" class=\"wp-block-themeisle-blocks-advanced-columns has-2-columns has-desktop-equal-layout has-tablet-equal-layout has-mobile-collapsedRows-layout has-vertical-unset\"><div class=\"wp-block-themeisle-blocks-advanced-columns-overlay\"><\/div><div class=\"innerblocks-wrap\">\n<div id=\"wp-block-themeisle-blocks-advanced-column-6646319c\" class=\"wp-block-themeisle-blocks-advanced-column\">\n<h2 id=\"wp-block-themeisle-blocks-advanced-heading-029120c4\" class=\"wp-block-themeisle-blocks-advanced-heading wp-block-themeisle-blocks-advanced-heading-029120c4\"> INFORMATIVOS<\/h2>\n\n\n\n<div class=\"wp-container-7 wp-block-columns\">\n<div class=\"wp-container-5 wp-block-column\">\n<figure class=\"wp-block-image size-large is-resized\"><img loading=\"lazy\" src=\"https:\/\/kaltcontabilidade.com.br\/wp-content\/uploads\/2020\/07\/kalt-noticias.jpg\" alt=\"\" class=\"wp-image-310\" width=\"122\" height=\"123\" srcset=\"https:\/\/kaltcontabilidade.com.br\/wp-content\/uploads\/2020\/07\/kalt-noticias.jpg 487w, https:\/\/kaltcontabilidade.com.br\/wp-content\/uploads\/2020\/07\/kalt-noticias-297x300.jpg 297w, https:\/\/kaltcontabilidade.com.br\/wp-content\/uploads\/2020\/07\/kalt-noticias-150x150.jpg 150w\" sizes=\"(max-width: 122px) 100vw, 122px\" \/><\/figure>\n\n\n\n<h4 class=\"has-text-align-left\"> <a href=\"http:\/\/www.pgfn.fazenda.gov.br\/noticias\/2020\/pgfn-e-receita-federal-prorrogam-por-mais-30-dias-prazo-de-validade-de-certidoes-conjuntas\/view\" target=\"_blank\" rel=\"noreferrer noopener\">prorrogado prazo de validade das certid\u00f5es negativas<\/a><\/h4>\n<\/div>\n\n\n\n<div class=\"wp-container-6 wp-block-column\">\n<figure class=\"wp-block-image size-large is-resized\"><img loading=\"lazy\" src=\"https:\/\/kaltcontabilidade.com.br\/wp-content\/uploads\/2020\/07\/kalt-noticias.jpg\" alt=\"\" class=\"wp-image-310\" width=\"122\" height=\"123\" srcset=\"https:\/\/kaltcontabilidade.com.br\/wp-content\/uploads\/2020\/07\/kalt-noticias.jpg 487w, https:\/\/kaltcontabilidade.com.br\/wp-content\/uploads\/2020\/07\/kalt-noticias-297x300.jpg 297w, https:\/\/kaltcontabilidade.com.br\/wp-content\/uploads\/2020\/07\/kalt-noticias-150x150.jpg 150w\" sizes=\"(max-width: 122px) 100vw, 122px\" \/><\/figure>\n\n\n\n<h4 class=\"has-text-align-left\"> <a href=\"https:\/\/demosites.io\/charity\/2018\/11\/28\/life-living-in-a-poverty-camp\/\" target=\"_blank\" rel=\"noreferrer noopener\">prorrogado prazo de entrega da ecf por mais dois meses (30\/09)<\/a><\/h4>\n<\/div>\n<\/div>\n\n\n\n<div class=\"wp-container-10 wp-block-columns\">\n<div class=\"wp-container-8 wp-block-column\">\n<figure class=\"wp-block-image size-large is-resized\"><img loading=\"lazy\" src=\"https:\/\/kaltcontabilidade.com.br\/wp-content\/uploads\/2020\/07\/kalt-noticias.jpg\" alt=\"\" class=\"wp-image-310\" width=\"122\" height=\"123\" srcset=\"https:\/\/kaltcontabilidade.com.br\/wp-content\/uploads\/2020\/07\/kalt-noticias.jpg 487w, https:\/\/kaltcontabilidade.com.br\/wp-content\/uploads\/2020\/07\/kalt-noticias-297x300.jpg 297w, https:\/\/kaltcontabilidade.com.br\/wp-content\/uploads\/2020\/07\/kalt-noticias-150x150.jpg 150w\" sizes=\"(max-width: 122px) 100vw, 122px\" \/><\/figure>\n\n\n\n<h4 class=\"has-text-align-left\"> <a href=\"https:\/\/www12.senado.leg.br\/noticias\/materias\/2020\/08\/25\/bolsonaro-prorroga-programa-emergencial-de-manutencao-do-emprego-e-da-renda\" target=\"_blank\" rel=\"noreferrer noopener\">pRORROGA\u00c7\u00c3O DOS ACORDOS DE SUSPENS\u00c3O E REDU\u00c7\u00c3O DE JORNADA<\/a><\/h4>\n<\/div>\n\n\n\n<div class=\"wp-container-9 wp-block-column\">\n<figure class=\"wp-block-image size-large is-resized\"><img loading=\"lazy\" src=\"https:\/\/kaltcontabilidade.com.br\/wp-content\/uploads\/2020\/07\/kalt-noticias.jpg\" alt=\"\" class=\"wp-image-310\" width=\"122\" height=\"123\" srcset=\"https:\/\/kaltcontabilidade.com.br\/wp-content\/uploads\/2020\/07\/kalt-noticias.jpg 487w, https:\/\/kaltcontabilidade.com.br\/wp-content\/uploads\/2020\/07\/kalt-noticias-297x300.jpg 297w, https:\/\/kaltcontabilidade.com.br\/wp-content\/uploads\/2020\/07\/kalt-noticias-150x150.jpg 150w\" sizes=\"(max-width: 122px) 100vw, 122px\" \/><\/figure>\n\n\n\n<h4 class=\"has-text-align-left\"> <a href=\"https:\/\/www.gov.br\/economia\/pt-br\/centrais-de-conteudo\/publicacoes\/boletins\/covid-19\/timeline\/agosto\/7-de-agosto-de-2020\" target=\"_blank\" rel=\"noreferrer noopener\">TRANSA\u00c7\u00c3O TRIBUT\u00c1RIA PARA D\u00c9BITOS DO SIMPLES NACONAL COM REDU\u00c7\u00c3O DE MULTAS \/ JUROS<\/a><\/h4>\n<\/div>\n<\/div>\n<\/div>\n\n\n\n<div id=\"wp-block-themeisle-blocks-advanced-column-272a150c\" class=\"wp-block-themeisle-blocks-advanced-column\">\n<div style=\"height:20px\" aria-hidden=\"true\" class=\"wp-block-spacer\"><\/div>\n<\/div>\n<\/div><\/div>\n\n\n\n<p>Kalt Contabilidade<\/p>\n\n\n\n<p>Telefone: (62) 3213-9390<br>Whatsapp: (62) 99905-8549<\/p>\n\n\n\n<p><\/p>\n\n\n\n<p>Avenida Vereador Geraldo Padeiro &#8211; S\u00edtios Santa Luzia &#8211; Aparecida de Goi\u00e2nia-GO<\/p>\n","protected":false},"excerpt":{"rendered":"<p>Kalt Contabilidade Telefone: (62) 3213-9390Whatsapp: (62) 99905-8549 Avenida Vereador Geraldo Padeiro &#8211; S\u00edtios Santa Luzia &#8211; Aparecida de Goi\u00e2nia-GO<\/p>\n","protected":false},"author":1,"featured_media":0,"parent":0,"menu_order":0,"comment_status":"closed","ping_status":"closed","template":"page-templates\/template-pagebuilder-full-width.php","meta":{"neve_meta_sidebar":"full-width","neve_meta_container":"contained","neve_meta_enable_content_width":"on","neve_meta_content_width":97,"neve_meta_title_alignment":"","neve_meta_author_avatar":"","neve_post_elements_order":"","neve_meta_disable_header":"","neve_meta_disable_footer":"","neve_meta_disable_title":"on","_themeisle_gutenberg_block_has_review":false},"_links":{"self":[{"href":"https:\/\/kaltcontabilidade.com.br\/index.php\/wp-json\/wp\/v2\/pages\/206"}],"collection":[{"href":"https:\/\/kaltcontabilidade.com.br\/index.php\/wp-json\/wp\/v2\/pages"}],"about":[{"href":"https:\/\/kaltcontabilidade.com.br\/index.php\/wp-json\/wp\/v2\/types\/page"}],"author":[{"embeddable":true,"href":"https:\/\/kaltcontabilidade.com.br\/index.php\/wp-json\/wp\/v2\/users\/1"}],"replies":[{"embeddable":true,"href":"https:\/\/kaltcontabilidade.com.br\/index.php\/wp-json\/wp\/v2\/comments?post=206"}],"version-history":[{"count":55,"href":"https:\/\/kaltcontabilidade.com.br\/index.php\/wp-json\/wp\/v2\/pages\/206\/revisions"}],"predecessor-version":[{"id":435,"href":"https:\/\/kaltcontabilidade.com.br\/index.php\/wp-json\/wp\/v2\/pages\/206\/revisions\/435"}],"wp:attachment":[{"href":"https:\/\/kaltcontabilidade.com.br\/index.php\/wp-json\/wp\/v2\/media?parent=206"}],"curies":[{"name":"wp","href":"https:\/\/api.w.org\/{rel}","templated":true}]}}